{"id":3142,"date":"2023-12-28T07:14:25","date_gmt":"2023-12-28T07:14:25","guid":{"rendered":"https:\/\/galarv.com\/manuals-and-downloads\/"},"modified":"2025-02-25T15:39:33","modified_gmt":"2025-02-25T15:39:33","slug":"manuals-and-downloads","status":"publish","type":"page","link":"https:\/\/galarv.com\/en\/manuals-and-downloads\/","title":{"rendered":"Manuals and downloads"},"content":{"rendered":"\t\t<div data-elementor-type=\"wp-page\" data-elementor-id=\"3142\" class=\"elementor elementor-3142\" data-elementor-post-type=\"page\">\n\t\t\t\t<div class=\"elementor-element elementor-element-91aec9c e-con-full e-flex e-con e-parent\" data-id=\"91aec9c\" data-element_type=\"container\" data-settings=\"{&quot;background_background&quot;:&quot;classic&quot;}\">\n\t\t\t\t<div class=\"elementor-element elementor-element-e39d116 elementor-widget elementor-widget-spacer\" data-id=\"e39d116\" data-element_type=\"widget\" data-widget_type=\"spacer.default\">\n\t\t\t\t<div class=\"elementor-widget-container\">\n\t\t\t\t\t\t\t<div class=\"elementor-spacer\">\n\t\t\t<div class=\"elementor-spacer-inner\"><\/div>\n\t\t<\/div>\n\t\t\t\t\t\t<\/div>\n\t\t\t\t<\/div>\n\t\t\t\t<\/div>\n\t\t<div class=\"elementor-element elementor-element-4f81c74 e-con-full e-flex e-con e-parent\" data-id=\"4f81c74\" data-element_type=\"container\" data-settings=\"{&quot;background_background&quot;:&quot;classic&quot;}\">\n\t\t\t\t<div class=\"elementor-element elementor-element-42b1244 title-h38 elementor-widget-mobile__width-initial elementor-widget__width-initial elementor-widget elementor-widget-heading\" data-id=\"42b1244\" data-element_type=\"widget\" data-widget_type=\"heading.default\">\n\t\t\t\t<div class=\"elementor-widget-container\">\n\t\t\t\t\t<h2 class=\"elementor-heading-title elementor-size-default\">MANUALS AND DOWNLOADS<\/h2>\t\t\t\t<\/div>\n\t\t\t\t<\/div>\n\t\t\t\t<div class=\"elementor-element elementor-element-dfecacd e-n-tabs-none elementor-widget elementor-widget-n-tabs\" data-id=\"dfecacd\" data-element_type=\"widget\" data-settings=\"{&quot;tabs_justify_horizontal&quot;:&quot;center&quot;,&quot;horizontal_scroll&quot;:&quot;disable&quot;}\" data-widget_type=\"nested-tabs.default\">\n\t\t\t\t<div class=\"elementor-widget-container\">\n\t\t\t\t\t\t\t<div class=\"e-n-tabs\" data-widget-number=\"234801869\" aria-label=\"Tabs. Open items with Enter or Space, close with Escape and navigate using the Arrow keys.\">\n\t\t\t<div class=\"e-n-tabs-heading\" role=\"tablist\">\n\t\t\t\t\t<button id=\"e-n-tab-title-2348018691\" data-tab-title-id=\"e-n-tab-title-2348018691\" class=\"e-n-tab-title\" aria-selected=\"true\" data-tab-index=\"1\" role=\"tab\" tabindex=\"0\" aria-controls=\"e-n-tab-content-2348018691\" style=\"--n-tabs-title-order: 1;\">\n\t\t\t\t\t\t<span class=\"e-n-tab-title-text\">\n\t\t\t\tPublic\t\t\t<\/span>\n\t\t<\/button>\n\t\t\t\t<button id=\"e-n-tab-title-2348018692\" data-tab-title-id=\"e-n-tab-title-2348018692\" class=\"e-n-tab-title\" aria-selected=\"false\" data-tab-index=\"2\" role=\"tab\" tabindex=\"-1\" aria-controls=\"e-n-tab-content-2348018692\" style=\"--n-tabs-title-order: 2;\">\n\t\t\t\t\t\t<span class=\"e-n-tab-title-text\">\n\t\t\t\tMembers only\t\t\t<\/span>\n\t\t<\/button>\n\t\t\t\t\t<\/div>\n\t\t\t<div class=\"e-n-tabs-content\">\n\t\t\t\t<div id=\"e-n-tab-content-2348018691\" role=\"tabpanel\" aria-labelledby=\"e-n-tab-title-2348018691\" data-tab-index=\"1\" style=\"--n-tabs-title-order: 1;\" class=\"e-active elementor-element elementor-element-4f9783a e-con-full e-flex e-con e-child\" data-id=\"4f9783a\" data-element_type=\"container\">\n\t\t\t\t<div class=\"elementor-element elementor-element-7f918b2 elementor-widget elementor-widget-wpfd_choose_category\" data-id=\"7f918b2\" data-element_type=\"widget\" data-widget_type=\"wpfd_choose_category.default\">\n\t\t\t\t<div class=\"elementor-widget-container\">\n\t\t\t\t\t<div id=\"wpfd-elementor-category\" class=\"wpfd-elementor-category\"><div class=\"wpfd-content wpfd-content-default wpfd-content-category-normal wpfd-content-without-download-selected wpfd-content-multi\" data-category=\"179\"             style=\"background-color: rgba(255, 255, 255, 0)\"><input type=\"hidden\" id=\"current_category_179\" value=\"179\" \/>                    <input type=\"hidden\" id=\"current_category_slug_179\" value=\"public-en-fr\" \/>                    <input type=\"hidden\" id=\"current_ordering_179\" value=\"ordering\" \/>                    <input type=\"hidden\" id=\"current_ordering_direction_179\" value=\"asc\" \/>                    <input type=\"hidden\" id=\"page_limit_179\" value=\"100\" \/><input type=\"hidden\" id=\"wpfd_display_empty_category_message\" value=\"0\" \/><input type=\"hidden\" id=\"wpfd_empty_category_message_val\" value=\"This file category has no files to display\" \/><input type=\"hidden\" id=\"wpfd_display_empty_folder\" value=\"0\" \/><input type=\"hidden\" id=\"wpfd_is_empty_subcategories\" value=\"1\" \/><input type=\"hidden\" id=\"wpfd_is_empty_files\" value=\"1\" \/><input type=\"hidden\" id=\"wpfd_root_category_id\" class=\"wpfd_root_category_id\" value=\"179\" \/><input type=\"hidden\" id=\"wpfd_root_category_theme\" class=\"wpfd_root_category_theme\" value=\"default\" \/><input type=\"hidden\" id=\"wpfd_root_category_clone_theme_type\" class=\"wpfd_root_category_clone_theme_type\" value=\"none\" \/><input type=\"hidden\" id=\"wpfd_root_category_type\" class=\"wpfd_root_category_type\" value=\"179\" \/><input type=\"hidden\" id=\"wpfd_category_notify_file_changes\" class=\"wpfd_category_notify_file_changes\" value=\"0\" \/><input type=\"hidden\" id=\"wpfd_global_notify_file_changes\" class=\"wpfd_global_notify_file_changes\" value=\"0\" \/><input type=\"hidden\" id=\"wpfd_download_selected\" class=\"wpfd_download_selected\" value=\"0\" \/><input type=\"hidden\" id=\"wpfd_user_login\" class=\"wpfd_user_login\" value=\"0\" \/><div class=\"wpfd-content-header-section\"><\/div>    <script type=\"text\/x-handlebars-template\" class=\"wpfd-template-categories\">        <div class=\"wpfd-categories \">{{#if category}}{{#with category}}<h2>{{name}}<\/h2>{{#if parent}}<a class=\"catlink backcategory\" href=\"#\" data-idcat=\"{{parent}}\">                        <i class=\"zmdi zmdi-chevron-left\"><\/i><span>Back<\/span><\/a>{{\/if}}{{\/with}}{{\/if}}{{#if category.desc}}<div class=\"wpfd-category-desc\">{{category.desc}}<\/div>{{\/if}}<\/div>    <\/script>    <script type=\"text\/x-handlebars-template\" class=\"wpfd-template-files\">        {{#if files }}        <div class=\"wpfd_list\">            {{#each files}}            <div class=\"file {{ext}}\" style=\"margin : 10px 10px 10px 10px;\" data-id=\"{{ID}}\" data-catid=\"{{catid}}\">                <input type=\"hidden\" class=\"wpfd_file_preview_link_download\" value=\"{{linkdownload}}\" data-filetitle=\"{{post_title}}\" data-fileicons=\"ext ext-{{ext}} wpfd-icon-set-svg\" \/>                <div class=\"filecontent\">                    {{#if file_custom_icon}}                    <div class=\"icon-custom\"><img decoding=\"async\" src=\"{{file_custom_icon}}\" \/><\/div>                    {{else}}                    <div class=\"ext ext-{{ext}} wpfd-icon-set-svg\"><span class=\"txt\">{{ext}}<\/span><\/div>                    {{\/if}}<h3><a href=\"{{linkdownload}}\"   class=\"wpfd_downloadlink\" title=\"{{post_title}}\" target=\"{{#if remote_file}}_blank{{\/if}}\">{{{crop_title}}}<\/a><\/h3>                    <div class=\"file-xinfo\">                        <div class=\"file-dated\"><span>Date modified:<\/span> {{modified}}<\/div>                    <\/div>                <\/div>                <span class=\"file-right\">                    <a class=\"downloadlink wpfd_downloadlink\"  href=\"{{linkdownload}}\"  style=\"background-color:rgba(219, 170, 47, 1);color:#ffffff;\" target=\"{{#if remote_file}}_blank{{\/if}}\">Download<i class=\"zmdi zmdi-cloud-download wpfd-download\"><\/i><\/a>{{#if openpdflink}}<a class=\"openlink wpfdlightbox wpfd_previewlink\" href=\"{{openpdflink}}\"  target=\"\">Preview                            <i class=\"zmdi zmdi-filter-center-focus wpfd-preview\"><\/i>                        <\/a>{{else}}{{#if viewerlink}}<a                            href=\"{{viewerlink}}\"                                                        class=\"openlink wpfdlightbox wpfd_previewlink\"                            target=\"\"                            data-id=\"{{ID}}\"                            data-catid=\"{{catid}}\"                            data-file-type=\"{{ext}}\">Preview<i class=\"zmdi zmdi-filter-center-focus wpfd-preview\"><\/i>                        <\/a>{{\/if}}{{\/if}}                <\/span>            <\/div>            {{\/each}}            <div class=\"file flex_span\" style=\"margin : 10px 10px 10px 10px;\"><\/div>        <\/div>        {{\/if}}    <\/script>    <div class=\"wpfd-container show_category_title\">                <div class=\"wpfd-open-tree\"><\/div>        <div class=\"wpfd-container-default \">            <div class=\"wpfd-categories \"><h2 class=\"wpfd-category-theme-title\">Public EN-FR<\/h2><div class=\"wpfd-category-desc\"><\/div><\/div>                            <div class=\"wpfd_list\">                                                                        <div class=\"file pdf\" style=\"margin : 10px 10px 10px 10px;\"                                 data-id=\"7276\"                                 data-catid=\"179\">                                                                <input type=\"hidden\" class=\"wpfd_file_preview_link_download\" value=\"https:\/\/galarv.com\/download\/179\/public-en-fr\/7276\/gala-rv-montecarlo-brochure_en_2025-2.pdf\"                                       data-filetitle=\"Gala RV Montecarlo Brochure_EN_2025\" data-fileicons=\"ext ext-pdf wpfd-icon-set-svg\" \/>                                <div class=\"filecontent\">                                    <div class=\"icon-custom\"><img decoding=\"async\" src=\"https:\/\/galarv.com\/wp-content\/uploads\/2025\/02\/Brochure_Eng_2025-1-150x150.jpg\" alt=\"\" title=\"\"><\/div><h3><a href=\"https:\/\/galarv.com\/download\/179\/public-en-fr\/7276\/gala-rv-montecarlo-brochure_en_2025-2.pdf\"   class=\"wpfd_downloadlink\" title=\"Gala RV Montecarlo Brochure_EN_2025\" target=\"\">Gala RV Montecarlo Brochure_EN_2025<\/a><\/h3>                                    <div class=\"file-xinfo\">                                        <div class=\"file-dated\"><span>Date modified:<\/span> 25-02-2025<\/div>                                    <\/div>                                <\/div>                                <div class=\"file-right\">                                    <a class=\"downloadlink wpfd_downloadlink\"  href=\"https:\/\/galarv.com\/download\/179\/public-en-fr\/7276\/gala-rv-montecarlo-brochure_en_2025-2.pdf\"  style=\"background-color:rgba(219, 170, 47, 1);color:#ffffff;\" target=\"\">Download<i class=\"zmdi zmdi-cloud-download wpfd-download\"><\/i><\/a><a class=\"openlink wpfdlightbox wpfd_previewlink\" href=\"https:\/\/galarv.com\/wp-admin\/admin-ajax.php?juwpfisadmin=false&#038;action=wpfd&#038;task=file.download&#038;wpfd_category_id=179&#038;wpfd_file_id=7276&#038;token=&#038;preview=1\"  target=\"\">Preview                            <i class=\"zmdi zmdi-filter-center-focus wpfd-preview\"><\/i>                        <\/a>                                <\/div>                            <\/div>                                                                                                <div class=\"file pdf\" style=\"margin : 10px 10px 10px 10px;\"                                 data-id=\"7277\"                                 data-catid=\"179\">                                                                <input type=\"hidden\" class=\"wpfd_file_preview_link_download\" value=\"https:\/\/galarv.com\/download\/179\/public-en-fr\/7277\/galarv_temoignage_fr_2024.pdf\"                                       data-filetitle=\"GalaRV_temoignage_FR_2024\" data-fileicons=\"ext ext-pdf wpfd-icon-set-svg\" \/>                                <div class=\"filecontent\">                                    <div class=\"icon-custom\"><img decoding=\"async\" src=\"https:\/\/galarv.com\/wp-content\/uploads\/2025\/02\/tem2024-150x150.jpg\" alt=\"\" title=\"\"><\/div><h3><a href=\"https:\/\/galarv.com\/download\/179\/public-en-fr\/7277\/galarv_temoignage_fr_2024.pdf\"   class=\"wpfd_downloadlink\" title=\"GalaRV_temoignage_FR_2024\" target=\"\">GalaRV_temoignage_FR_2024<\/a><\/h3>                                    <div class=\"file-xinfo\">                                        <div class=\"file-dated\"><span>Date modified:<\/span> 25-02-2025<\/div>                                    <\/div>                                <\/div>                                <div class=\"file-right\">                                    <a class=\"downloadlink wpfd_downloadlink\"  href=\"https:\/\/galarv.com\/download\/179\/public-en-fr\/7277\/galarv_temoignage_fr_2024.pdf\"  style=\"background-color:rgba(219, 170, 47, 1);color:#ffffff;\" target=\"\">Download<i class=\"zmdi zmdi-cloud-download wpfd-download\"><\/i><\/a><a class=\"openlink wpfdlightbox wpfd_previewlink\" href=\"https:\/\/galarv.com\/wp-admin\/admin-ajax.php?juwpfisadmin=false&#038;action=wpfd&#038;task=file.download&#038;wpfd_category_id=179&#038;wpfd_file_id=7277&#038;token=&#038;preview=1\"  target=\"\">Preview                            <i class=\"zmdi zmdi-filter-center-focus wpfd-preview\"><\/i>                        <\/a>                                <\/div>                            <\/div>                                                                                                <div class=\"file pdf\" style=\"margin : 10px 10px 10px 10px;\"                                 data-id=\"7272\"                                 data-catid=\"179\">                                                                <input type=\"hidden\" class=\"wpfd_file_preview_link_download\" value=\"https:\/\/galarv.com\/download\/179\/public-en-fr\/7272\/galarv_feuillet_fr_2024-2.pdf\"                                       data-filetitle=\"GalaRV_Feuillet_FR_2024\" data-fileicons=\"ext ext-pdf wpfd-icon-set-svg\" \/>                                <div class=\"filecontent\">                                    <div class=\"icon-custom\"><img decoding=\"async\" src=\"https:\/\/galarv.com\/wp-content\/uploads\/2025\/02\/Flyers2024-150x150.jpg\" alt=\"\" title=\"\"><\/div><h3><a href=\"https:\/\/galarv.com\/download\/179\/public-en-fr\/7272\/galarv_feuillet_fr_2024-2.pdf\"   class=\"wpfd_downloadlink\" title=\"GalaRV_Feuillet_FR_2024\" target=\"\">GalaRV_Feuillet_FR_2024<\/a><\/h3>                                    <div class=\"file-xinfo\">                                        <div class=\"file-dated\"><span>Date modified:<\/span> 25-02-2025<\/div>                                    <\/div>                                <\/div>                                <div class=\"file-right\">                                    <a class=\"downloadlink wpfd_downloadlink\"  href=\"https:\/\/galarv.com\/download\/179\/public-en-fr\/7272\/galarv_feuillet_fr_2024-2.pdf\"  style=\"background-color:rgba(219, 170, 47, 1);color:#ffffff;\" target=\"\">Download<i class=\"zmdi zmdi-cloud-download wpfd-download\"><\/i><\/a><a class=\"openlink wpfdlightbox wpfd_previewlink\" href=\"https:\/\/galarv.com\/wp-admin\/admin-ajax.php?juwpfisadmin=false&#038;action=wpfd&#038;task=file.download&#038;wpfd_category_id=179&#038;wpfd_file_id=7272&#038;token=&#038;preview=1\"  target=\"\">Preview                            <i class=\"zmdi zmdi-filter-center-focus wpfd-preview\"><\/i>                        <\/a>                                <\/div>                            <\/div>                                                                <div class=\"file flex_span\" style=\"margin : 10px 10px 10px 10px;\"><\/div>                <\/div>                                <\/div>    <\/div><\/div><\/div>\t\t\t\t<\/div>\n\t\t\t\t<\/div>\n\t\t\t\t<div class=\"elementor-element elementor-element-ebfdfc7 elementor-widget elementor-widget-text-editor\" data-id=\"ebfdfc7\" data-element_type=\"widget\" data-widget_type=\"text-editor.default\">\n\t\t\t\t<div class=\"elementor-widget-container\">\n\t\t\t\t\t\t\t\t\t<p>There are currently no files in this category.<\/p>\n\t\t\t\t\t\t\t\t<\/div>\n\t\t\t\t<\/div>\n\t\t\t\t<\/div>\n\t\t<div id=\"e-n-tab-content-2348018692\" role=\"tabpanel\" aria-labelledby=\"e-n-tab-title-2348018692\" data-tab-index=\"2\" style=\"--n-tabs-title-order: 2;\" class=\" elementor-element elementor-element-fb483eb e-con-full e-flex e-con e-child\" data-id=\"fb483eb\" data-element_type=\"container\">\n\t\t\t\t<div class=\"elementor-element elementor-element-e27504d elementor-widget elementor-widget-text-editor\" data-id=\"e27504d\" data-element_type=\"widget\" data-widget_type=\"text-editor.default\">\n\t\t\t\t<div class=\"elementor-widget-container\">\n\t\t\t\t\t\t\t\t\t<p>This is a members-only section, where you need to be logged in to view files.<\/p>\n\t\t\t\t\t\t\t\t<\/div>\n\t\t\t\t<\/div>\n\t\t\t\t<div class=\"elementor-element elementor-element-560d421 elementor-align-center elementor-widget elementor-widget-xpro-button\" data-id=\"560d421\" data-element_type=\"widget\" data-widget_type=\"xpro-button.default\">\n\t\t\t\t<div class=\"elementor-widget-container\">\n\t\t\t\t\t\n<a  href=\"https:\/\/galarv.com\/en\/user-registration\/\" class=\"xpro-elementor-button xpro-elementor-button-animation-none xpro-align-icon-right\">\n<span class=\"xpro-elementor-button-inner\">\n<span class=\"xpro-button-text\">Click here to register<\/span>\n<\/span>\n<\/a>\n\t\t\t\t<\/div>\n\t\t\t\t<\/div>\n\t\t\t\t<\/div>\n\t\t\t\t\t<\/div>\n\t\t<\/div>\n\t\t\t\t\t\t<\/div>\n\t\t\t\t<\/div>\n\t\t\t\t<\/div>\n\t\t\t\t<\/div>\n\t\t","protected":false},"excerpt":{"rendered":"<p>MANUALS AND DOWNLOADS Public Members only Public (1) Gala RV Montecarlo Brochure_EN_2025 Date de modification: 25-02-2025 T\u00e9l\u00e9chargerAper\u00e7u GalaRV_temoignage_FR_2024 Date de modification: 25-02-2025 T\u00e9l\u00e9chargerAper\u00e7u GalaRV_Feuillet_FR_2024 Date de modification: 25-02-2025 T\u00e9l\u00e9chargerAper\u00e7u There are currently no files in this category. R\u00e9serv\u00e9 aux membres 2024 Radio Furrion DV7200 -ENGLISH ONLY Date de modification: 12-02-2024 T\u00e9l\u00e9chargerAper\u00e7u Marche Electrique -Lippert Step [&hellip;]<\/p>\n","protected":false},"author":1,"featured_media":0,"parent":0,"menu_order":0,"comment_status":"closed","ping_status":"closed","template":"elementor_header_footer","meta":{"_acf_changed":false,"site-sidebar-layout":"no-sidebar","site-content-layout":"page-builder","ast-site-content-layout":"full-width-container","site-content-style":"unboxed","site-sidebar-style":"unboxed","ast-global-header-display":"","ast-banner-title-visibility":"","ast-main-header-display":"","ast-hfb-above-header-display":"","ast-hfb-below-header-display":"","ast-hfb-mobile-header-display":"","site-post-title":"disabled","ast-breadcrumbs-content":"","ast-featured-img":"disabled","footer-sml-layout":"","ast-disable-related-posts":"","theme-transparent-header-meta":"","adv-header-id-meta":"","stick-header-meta":"","header-above-stick-meta":"","header-main-stick-meta":"","header-below-stick-meta":"","astra-migrate-meta-layouts":"default","ast-page-background-enabled":"default","ast-page-background-meta":{"desktop":{"background-color":"var(--ast-global-color-4)","background-image":"","background-repeat":"repeat","background-position":"center center","background-size":"auto","background-attachment":"scroll","background-type":"","background-media":"","overlay-type":"","overlay-color":"","overlay-opacity":"","overlay-gradient":""},"tablet":{"background-color":"","background-image":"","background-repeat":"repeat","background-position":"center center","background-size":"auto","background-attachment":"scroll","background-type":"","background-media":"","overlay-type":"","overlay-color":"","overlay-opacity":"","overlay-gradient":""},"mobile":{"background-color":"","background-image":"","background-repeat":"repeat","background-position":"center center","background-size":"auto","background-attachment":"scroll","background-type":"","background-media":"","overlay-type":"","overlay-color":"","overlay-opacity":"","overlay-gradient":""}},"ast-content-background-meta":{"desktop":{"background-color":"var(--ast-global-color-5)","background-image":"","background-repeat":"repeat","background-position":"center center","background-size":"auto","background-attachment":"scroll","background-type":"","background-media":"","overlay-type":"","overlay-color":"","overlay-opacity":"","overlay-gradient":""},"tablet":{"background-color":"var(--ast-global-color-5)","background-image":"","background-repeat":"repeat","background-position":"center center","background-size":"auto","background-attachment":"scroll","background-type":"","background-media":"","overlay-type":"","overlay-color":"","overlay-opacity":"","overlay-gradient":""},"mobile":{"background-color":"var(--ast-global-color-5)","background-image":"","background-repeat":"repeat","background-position":"center center","background-size":"auto","background-attachment":"scroll","background-type":"","background-media":"","overlay-type":"","overlay-color":"","overlay-opacity":"","overlay-gradient":""}},"footnotes":""},"class_list":["post-3142","page","type-page","status-publish","hentry"],"acf":[],"_links":{"self":[{"href":"https:\/\/galarv.com\/en\/wp-json\/wp\/v2\/pages\/3142","targetHints":{"allow":["GET"]}}],"collection":[{"href":"https:\/\/galarv.com\/en\/wp-json\/wp\/v2\/pages"}],"about":[{"href":"https:\/\/galarv.com\/en\/wp-json\/wp\/v2\/types\/page"}],"author":[{"embeddable":true,"href":"https:\/\/galarv.com\/en\/wp-json\/wp\/v2\/users\/1"}],"replies":[{"embeddable":true,"href":"https:\/\/galarv.com\/en\/wp-json\/wp\/v2\/comments?post=3142"}],"version-history":[{"count":26,"href":"https:\/\/galarv.com\/en\/wp-json\/wp\/v2\/pages\/3142\/revisions"}],"predecessor-version":[{"id":7282,"href":"https:\/\/galarv.com\/en\/wp-json\/wp\/v2\/pages\/3142\/revisions\/7282"}],"wp:attachment":[{"href":"https:\/\/galarv.com\/en\/wp-json\/wp\/v2\/media?parent=3142"}],"curies":[{"name":"wp","href":"https:\/\/api.w.org\/{rel}","templated":true}]}}